{"id":49,"date":"2014-07-05T22:57:51","date_gmt":"2014-07-05T20:57:51","guid":{"rendered":"http:\/\/aeroclubdemorlaix.fr\/wordpress\/?page_id=49"},"modified":"2022-06-10T14:47:24","modified_gmt":"2022-06-10T12:47:24","slug":"formations","status":"publish","type":"page","link":"http:\/\/aeroclubdemorlaix.fr\/?page_id=49","title":{"rendered":"Formations"},"content":{"rendered":"<p>L&#8217;A\u00e9ro-club de Morlaix dispense les formations pratique et th\u00e9orique pour les licences PPL et LAPL.<\/p>\n<p>Vous trouverez plus d&#8217;informations sur le site de la F\u00e9d\u00e9ration Fran\u00e7aise A\u00e9ronautique : <a href=\"https:\/\/enviedepiloter.fr\">https:\/\/enviedepiloter.fr<\/a><\/p>\n<table>\n<tbody>\n<tr>\n<td><b>PPL<\/b><br \/>\nPrivate Pilot Licence<\/p>\n<p>Licence OACI<\/p>\n<p>1er vol solo \u00e0 partir de 16 ans<\/p>\n<p>Certificat M\u00e9dical Classe 2<\/p>\n<p><b>Conditions pour le test en vol<\/b><br \/>\nExamen \u00e0 partir de 17 ans<\/p>\n<p>45 heures minimum<\/p>\n<ul>\n<li>25 heures en double<\/li>\n<\/ul>\n<ul>\n<li>10 heures seul \u00e0 bord\n<ul>\n<li>5 heures de navigation<\/li>\n<li>1 navigation de 150 Nm<\/li>\n<\/ul>\n<\/li>\n<li>5 heures de Vol Sans Visibilit\u00e9 (VSV)<\/li>\n<\/ul>\n<p>Examen th\u00e9orique PPL<\/p>\n<p><b>Privil\u00e8ges<\/b><br \/>\nExercer les fonctions de commandant de bord partout en France avec des passagers, sans r\u00e9mun\u00e9ration.<\/p>\n<p><b>Validit\u00e9 <\/b>: Qualification valide 2 ans<br \/>\n<b>Conditions de prorogation<\/b><br \/>\n12 heures dans les 12 derniers mois de validit\u00e9 dont 6 en tant que commandant de bord, dont 1 heure avec un instructeur (FI)<\/td>\n<td><b>LAPL<\/b><br \/>\nLight Aircraft Pilot Licence<\/p>\n<p>Licence Europ\u00e9enne<\/p>\n<p>1er vol solo \u00e0 partir de 16 ans<\/p>\n<p>Certificat M\u00e9dical<\/p>\n<p><b>Conditions pour le test en vol<\/b><br \/>\nExamen \u00e0 partir de 17 ans<br \/>\n30 heures minimum<\/p>\n<ul>\n<li>15 heures en double<\/li>\n<\/ul>\n<ul>\n<li>6 heures seul \u00e0 bord\n<ul>\n<li>3 navigations<\/li>\n<li>dont 1 navigation de 80 Nm<\/li>\n<\/ul>\n<\/li>\n<\/ul>\n<p>Examen th\u00e9orique LAPL<br \/>\n<b>Privil\u00e8ges : Equivalents PPL sauf :<\/b><\/p>\n<ul>\n<li>Avions &lt; 2 tonnes<\/li>\n<li>Emport passagers apr\u00e8s 10 h de vol CdB<\/li>\n<li>3 passagers maximum<\/li>\n<\/ul>\n<p><b>Validit\u00e9 <\/b>: Qualification valide 2 ans<br \/>\n<b>Conditions de prorogation<\/b> : <i>Glissante<\/i><br \/>\n12 heures dans les 12 derniers mois incluant 12 d\u00e9collages et atterrissages, \u00a0dont 1 heure avec un instructeur (FI)<\/td>\n<\/tr>\n<\/tbody>\n<\/table>\n","protected":false},"excerpt":{"rendered":"<p>L&#8217;A\u00e9ro-club de Morlaix dispense les formations pratique et th\u00e9orique pour les licences PPL et LAPL. Vous trouverez plus d&#8217;informations sur le site de la F\u00e9d\u00e9ration Fran\u00e7aise A\u00e9ronautique : https:\/\/enviedepiloter.fr PPL Private Pilot Licence Licence OACI 1er vol solo \u00e0 partir de 16 ans Certificat M\u00e9dical Classe 2 Conditions pour le test en vol Examen \u00e0 [&hellip;]<\/p>\n","protected":false},"author":1,"featured_media":0,"parent":0,"menu_order":0,"comment_status":"closed","ping_status":"closed","template":"","meta":[],"_links":{"self":[{"href":"http:\/\/aeroclubdemorlaix.fr\/index.php?rest_route=\/wp\/v2\/pages\/49"}],"collection":[{"href":"http:\/\/aeroclubdemorlaix.fr\/index.php?rest_route=\/wp\/v2\/pages"}],"about":[{"href":"http:\/\/aeroclubdemorlaix.fr\/index.php?rest_route=\/wp\/v2\/types\/page"}],"author":[{"embeddable":true,"href":"http:\/\/aeroclubdemorlaix.fr\/index.php?rest_route=\/wp\/v2\/users\/1"}],"replies":[{"embeddable":true,"href":"http:\/\/aeroclubdemorlaix.fr\/index.php?rest_route=%2Fwp%2Fv2%2Fcomments&post=49"}],"version-history":[{"count":12,"href":"http:\/\/aeroclubdemorlaix.fr\/index.php?rest_route=\/wp\/v2\/pages\/49\/revisions"}],"predecessor-version":[{"id":755,"href":"http:\/\/aeroclubdemorlaix.fr\/index.php?rest_route=\/wp\/v2\/pages\/49\/revisions\/755"}],"wp:attachment":[{"href":"http:\/\/aeroclubdemorlaix.fr\/index.php?rest_route=%2Fwp%2Fv2%2Fmedia&parent=49"}],"curies":[{"name":"wp","href":"https:\/\/api.w.org\/{rel}","templated":true}]}}