{"id":226,"date":"2015-02-16T18:32:47","date_gmt":"2015-02-16T17:32:47","guid":{"rendered":"http:\/\/aeroclubdemorlaix.fr\/?page_id=226"},"modified":"2026-01-26T12:14:47","modified_gmt":"2026-01-26T10:14:47","slug":"vol-dinitiation","status":"publish","type":"page","link":"http:\/\/aeroclubdemorlaix.fr\/?page_id=226","title":{"rendered":"Vol d&#8217;initiation"},"content":{"rendered":"<ul>\n<li>Vous cherchez un cadeau original \u00e0 offrir<\/li>\n<li>Vous h\u00e9sitez avant de commencer une formation de pilote<\/li>\n<\/ul>\n<p>Le vol d&#8217;initiation (appel\u00e9 aussi vol de d\u00e9couverte Pr\u00e9mium) vous permet de r\u00e9aliser la premi\u00e8re le\u00e7on en vol du cursus pilote priv\u00e9.<\/p>\n<p>Install\u00e9 \u00e0 la place pilote, vous pourrez d\u00e9couvrir le pilotage.<\/p>\n<p>Vous serez accompagn\u00e9 d&#8217;un instructeur qui vous guidera tout au long du vol<\/p>\n<p>Il comprend :<\/p>\n<ul>\n<li>Un briefing au cours duquel l&#8217;instructeur vous expliquera le d\u00e9roulement du vol<\/li>\n<li>Un vol d&#8217;environ 30 minutes en double commande<\/li>\n<li>Un d\u00e9briefing<\/li>\n<\/ul>\n<p>Tarif : 240 \u20ac \u00e0 partir du 1er f\u00e9vrier 2026.<\/p>\n","protected":false},"excerpt":{"rendered":"<p>Vous cherchez un cadeau original \u00e0 offrir Vous h\u00e9sitez avant de commencer une formation de pilote Le vol d&#8217;initiation (appel\u00e9 aussi vol de d\u00e9couverte Pr\u00e9mium) vous permet de r\u00e9aliser la premi\u00e8re le\u00e7on en vol du cursus pilote priv\u00e9. Install\u00e9 \u00e0 la place pilote, vous pourrez d\u00e9couvrir le pilotage. Vous serez accompagn\u00e9 d&#8217;un instructeur qui vous [&hellip;]<\/p>\n","protected":false},"author":1,"featured_media":0,"parent":0,"menu_order":0,"comment_status":"closed","ping_status":"open","template":"","meta":[],"_links":{"self":[{"href":"http:\/\/aeroclubdemorlaix.fr\/index.php?rest_route=\/wp\/v2\/pages\/226"}],"collection":[{"href":"http:\/\/aeroclubdemorlaix.fr\/index.php?rest_route=\/wp\/v2\/pages"}],"about":[{"href":"http:\/\/aeroclubdemorlaix.fr\/index.php?rest_route=\/wp\/v2\/types\/page"}],"author":[{"embeddable":true,"href":"http:\/\/aeroclubdemorlaix.fr\/index.php?rest_route=\/wp\/v2\/users\/1"}],"replies":[{"embeddable":true,"href":"http:\/\/aeroclubdemorlaix.fr\/index.php?rest_route=%2Fwp%2Fv2%2Fcomments&post=226"}],"version-history":[{"count":9,"href":"http:\/\/aeroclubdemorlaix.fr\/index.php?rest_route=\/wp\/v2\/pages\/226\/revisions"}],"predecessor-version":[{"id":873,"href":"http:\/\/aeroclubdemorlaix.fr\/index.php?rest_route=\/wp\/v2\/pages\/226\/revisions\/873"}],"wp:attachment":[{"href":"http:\/\/aeroclubdemorlaix.fr\/index.php?rest_route=%2Fwp%2Fv2%2Fmedia&parent=226"}],"curies":[{"name":"wp","href":"https:\/\/api.w.org\/{rel}","templated":true}]}}