{"id":185,"date":"2015-02-07T22:05:42","date_gmt":"2015-02-07T21:05:42","guid":{"rendered":"http:\/\/aeroclubdemorlaix.fr\/?page_id=185"},"modified":"2026-01-26T11:45:12","modified_gmt":"2026-01-26T09:45:12","slug":"bia","status":"publish","type":"page","link":"http:\/\/aeroclubdemorlaix.fr\/?page_id=185","title":{"rendered":"BIA"},"content":{"rendered":"<h1>Brevet d&#8217;Initiation \u00e0 l&#8217;A\u00e9ronautique<\/h1>\n<p>Le Brevet d&#8217;initiation a\u00e9ronautique (BIA) est un dipl\u00f4me fran\u00e7ais qui sanctionne une culture g\u00e9n\u00e9rale dans le domaine a\u00e9ronautique. Il est d\u00e9livr\u00e9 conjointement par le Minist\u00e8re de l&#8217;\u00c9cologie, du D\u00e9veloppement durable et de l&#8217;\u00c9nergie, charg\u00e9 des Transports, et par celui de l&#8217;\u00c9ducation nationale.<\/p>\n<p>Il s&#8217;adresse \u00e0 des personnes \u00e2g\u00e9es de 13 ans au minimum \u00e0 la date de l&#8217;examen.<\/p>\n<p>La formation a lieu dans les locaux de l&#8217;A\u00e9ro-club. Saison 2025\/2026 les samedis de 10h00 \u00e0 12h00 (Hors vacances scolaires).<\/p>\n<p><img src=\"http:\/\/www.ffa-aero.fr\/FR\/plaquette-BIA-FFA22.png\" alt=\"\" \/><\/p>\n<h2>Formation<\/h2>\n<p>La formation comprend une partie th\u00e9orique sous forme de cours en pr\u00e9sentiel.<\/p>\n<p>La formation pratique se r\u00e9alise sous la forme d&#8217;un vol correspondant \u00e0 un vol d&#8217;initiation.<\/p>\n<h2>L&#8217;Examen<\/h2>\n<p>L&#8217;examen, organis\u00e9 par les acad\u00e9mies, se d\u00e9roule chaque ann\u00e9e vers la mi-mai. Il prend la forme d&#8217;un QCM\u00a0de 100 questions qui portent sur cinq th\u00e8mes (20 points par th\u00e8me)<span style=\"font-size: 12.5px;\">\u00a0<\/span>:<\/p>\n<ul>\n<li>connaissance des <a title=\"A\u00e9ronef\" href=\"http:\/\/fr.wikipedia.org\/wiki\/A%C3%A9ronef\">a\u00e9ronefs<\/a>\u00a0;<\/li>\n<li><a title=\"A\u00e9rodynamique\" href=\"http:\/\/fr.wikipedia.org\/wiki\/A%C3%A9rodynamique\">a\u00e9rodynamique<\/a> et m\u00e9canique du vol\u00a0;<\/li>\n<li><a title=\"M\u00e9t\u00e9orologie\" href=\"http:\/\/fr.wikipedia.org\/wiki\/M%C3%A9t%C3%A9orologie\">m\u00e9t\u00e9orologie<\/a>\u00a0;<\/li>\n<li><a class=\"mw-redirect\" title=\"R\u00e8glementation\" href=\"http:\/\/fr.wikipedia.org\/wiki\/R%C3%A8glementation\">r\u00e8glementation<\/a>, <a title=\"Navigation\" href=\"http:\/\/fr.wikipedia.org\/wiki\/Navigation\">navigation<\/a> et s\u00e9curit\u00e9 des vols\u00a0;<\/li>\n<li><a title=\"Cat\u00e9gorie:Histoire de l'a\u00e9ronautique\" href=\"http:\/\/fr.wikipedia.org\/wiki\/Cat%C3%A9gorie:Histoire_de_l%27a%C3%A9ronautique\">histoire de l&#8217;a\u00e9ronautique<\/a> et de l&#8217;<a title=\"Portail:Astronautique\" href=\"http:\/\/fr.wikipedia.org\/wiki\/Portail:Astronautique\">espace<\/a>.<\/li>\n<\/ul>\n<p>Une \u00e9preuve facultative (dur\u00e9e 30 minutes) de 20 points sur l&#8217;<a class=\"mw-redirect\" title=\"A\u00e9romod\u00e9lisme\" href=\"http:\/\/fr.wikipedia.org\/wiki\/A%C3%A9romod%C3%A9lisme\">a\u00e9romod\u00e9lisme<\/a>, le <a title=\"Vol libre\" href=\"http:\/\/fr.wikipedia.org\/wiki\/Vol_libre\">vol libre<\/a>, l&#8217;anglais a\u00e9ronautique (les 20 questions reprennent alors les 5 th\u00e8mes obligatoires), l&#8217;<a title=\"Ultra-l\u00e9ger motoris\u00e9\" href=\"http:\/\/fr.wikipedia.org\/wiki\/Ultra-l%C3%A9ger_motoris%C3%A9\">ULM<\/a> ou le <a title=\"Vol \u00e0 voile\" href=\"http:\/\/fr.wikipedia.org\/wiki\/Vol_%C3%A0_voile\">vol \u00e0 voile<\/a> est \u00e9galement propos\u00e9e aux candidats.<\/p>\n<p>La note z\u00e9ro est \u00e9liminatoire, sauf pour l&#8217;\u00e9preuve facultative. Chaque question vaut 1 point. Une r\u00e9ponse fausse n&#8217;apporte pas de points. Les cinq th\u00e8mes ont tous le coefficient 1. Seuls les points au-dessus de 10 sont pris en compte pour l&#8217;\u00e9preuve facultative. L&#8217;ensemble des \u00e9preuves obligatoires dure 2 h 30 min. Un total de 50 points sur 100 est exig\u00e9 pour obtenir l&#8217;examen.<\/p>\n<h2>Bourses<\/h2>\n<p>Un des avantages du BIA est de pouvoir b\u00e9n\u00e9ficier de bourses suppl\u00e9mentaires en plus des bourses Objectif Pilote pour les moins de 21 ans.<\/p>\n<h2>Licence Jeunes Ailes<\/h2>\n<p><img class=\" alignright\" src=\"http:\/\/www.ffa-aero.fr\/FR\/jeuneaile.png\" alt=\"\" \/><\/p>\n<p>Le candidat \u00e0 un BIA pourra prendre une licence jeunes ailes aupr\u00e8s de la FFA.<\/p>\n<p>Elle lui permettra de recevoir le magasine Info Pilote gratuitement pendant une dur\u00e9e de 6 mois.<\/p>\n<p><a href=\"http:\/\/www.education.gouv.fr\/botexte\/bo991111\/MENE9902416A.htm\" target=\"_blank\" rel=\"noopener\">Voir l&#8217;arr\u00eat\u00e9 sur le site de l&#8217;\u00e9ducation nationale<\/a><\/p>\n","protected":false},"excerpt":{"rendered":"<p>Brevet d&#8217;Initiation \u00e0 l&#8217;A\u00e9ronautique Le Brevet d&#8217;initiation a\u00e9ronautique (BIA) est un dipl\u00f4me fran\u00e7ais qui sanctionne une culture g\u00e9n\u00e9rale dans le domaine a\u00e9ronautique. Il est d\u00e9livr\u00e9 conjointement par le Minist\u00e8re de l&#8217;\u00c9cologie, du D\u00e9veloppement durable et de l&#8217;\u00c9nergie, charg\u00e9 des Transports, et par celui de l&#8217;\u00c9ducation nationale. Il s&#8217;adresse \u00e0 des personnes \u00e2g\u00e9es de 13 ans [&hellip;]<\/p>\n","protected":false},"author":1,"featured_media":0,"parent":0,"menu_order":0,"comment_status":"closed","ping_status":"closed","template":"","meta":[],"_links":{"self":[{"href":"http:\/\/aeroclubdemorlaix.fr\/index.php?rest_route=\/wp\/v2\/pages\/185"}],"collection":[{"href":"http:\/\/aeroclubdemorlaix.fr\/index.php?rest_route=\/wp\/v2\/pages"}],"about":[{"href":"http:\/\/aeroclubdemorlaix.fr\/index.php?rest_route=\/wp\/v2\/types\/page"}],"author":[{"embeddable":true,"href":"http:\/\/aeroclubdemorlaix.fr\/index.php?rest_route=\/wp\/v2\/users\/1"}],"replies":[{"embeddable":true,"href":"http:\/\/aeroclubdemorlaix.fr\/index.php?rest_route=%2Fwp%2Fv2%2Fcomments&post=185"}],"version-history":[{"count":7,"href":"http:\/\/aeroclubdemorlaix.fr\/index.php?rest_route=\/wp\/v2\/pages\/185\/revisions"}],"predecessor-version":[{"id":869,"href":"http:\/\/aeroclubdemorlaix.fr\/index.php?rest_route=\/wp\/v2\/pages\/185\/revisions\/869"}],"wp:attachment":[{"href":"http:\/\/aeroclubdemorlaix.fr\/index.php?rest_route=%2Fwp%2Fv2%2Fmedia&parent=185"}],"curies":[{"name":"wp","href":"https:\/\/api.w.org\/{rel}","templated":true}]}}