{"id":16,"date":"2014-06-26T20:50:10","date_gmt":"2014-06-26T18:50:10","guid":{"rendered":"http:\/\/localhost\/wordpress\/?page_id=16"},"modified":"2026-01-26T11:46:18","modified_gmt":"2026-01-26T09:46:18","slug":"contact","status":"publish","type":"page","link":"http:\/\/aeroclubdemorlaix.fr\/?page_id=16","title":{"rendered":"Contact"},"content":{"rendered":"<table>\n<tbody>\n<tr>\n<td>M\u00e9l : <a href=\"mailto:contact@aeroclubdemorlaix.fr\">contact@aeroclubdemorlaix.fr<\/a><\/p>\n<p>T\u00e9l : 02-98-88-32-80<\/p>\n<p>Permanences : Tous les matins de 9h15 \u00e0 12h30 sauf mercredi, dimanche et jours f\u00e9ri\u00e9s.<\/td>\n<td><iframe loading=\"lazy\" style=\"border: 0;\" src=\"https:\/\/www.google.com\/maps\/embed?pb=!1m10!1m8!1m3!1d42214.27190920188!2d-3.7973119987884023!3d48.60233944217488!3m2!1i1024!2i768!4f13.1!5e0!3m2!1sfr!2s!4v1423166490618\" width=\"400\" height=\"300\" frameborder=\"0\"><\/iframe><\/td>\n<\/tr>\n<\/tbody>\n<\/table>\n<p><div role=\"form\" class=\"wpcf7\" id=\"wpcf7-f149-o1\" lang=\"fr-FR\" dir=\"ltr\">\n<div class=\"screen-reader-response\"><p role=\"status\" aria-live=\"polite\" aria-atomic=\"true\"><\/p> <ul><\/ul><\/div>\n<form action=\"\/index.php?rest_route=%2Fwp%2Fv2%2Fpages%2F16#wpcf7-f149-o1\" method=\"post\" class=\"wpcf7-form init\" novalidate=\"novalidate\" data-status=\"init\">\n<div style=\"display: none;\">\n<input type=\"hidden\" name=\"_wpcf7\" value=\"149\" \/>\n<input type=\"hidden\" name=\"_wpcf7_version\" value=\"5.5.6.1\" \/>\n<input type=\"hidden\" name=\"_wpcf7_locale\" value=\"fr_FR\" \/>\n<input type=\"hidden\" name=\"_wpcf7_unit_tag\" value=\"wpcf7-f149-o1\" \/>\n<input type=\"hidden\" name=\"_wpcf7_container_post\" value=\"0\" \/>\n<input type=\"hidden\" name=\"_wpcf7_posted_data_hash\" value=\"\" \/>\n<input type=\"hidden\" name=\"_wpcf7_recaptcha_response\" value=\"\" \/>\n<\/div>\n<p>Votre nom (obligatoire)<br \/>\n    <span class=\"wpcf7-form-control-wrap your-name\"><input type=\"text\" name=\"your-name\" value=\"\" size=\"40\" class=\"wpcf7-form-control wpcf7-text wpcf7-validates-as-required\" aria-required=\"true\" aria-invalid=\"false\" \/><\/span> <\/p>\n<p>Votre email (obligatoire)<br \/>\n    <span class=\"wpcf7-form-control-wrap your-email\"><input type=\"email\" name=\"your-email\" value=\"\" size=\"40\" class=\"wpcf7-form-control wpcf7-text wpcf7-email wpcf7-validates-as-required wpcf7-validates-as-email\" aria-required=\"true\" aria-invalid=\"false\" \/><\/span> <\/p>\n<p>Sujet<br \/>\n    <span class=\"wpcf7-form-control-wrap your-subject\"><input type=\"text\" name=\"your-subject\" value=\"\" size=\"40\" class=\"wpcf7-form-control wpcf7-text wpcf7-validates-as-required\" aria-required=\"true\" aria-invalid=\"false\" \/><\/span> <\/p>\n<p>Votre message<br \/>\n    <span class=\"wpcf7-form-control-wrap your-message\"><textarea name=\"your-message\" cols=\"40\" rows=\"10\" class=\"wpcf7-form-control wpcf7-textarea\" aria-invalid=\"false\"><\/textarea><\/span> <\/p>\n<p><input type=\"submit\" value=\"Envoyer\" class=\"wpcf7-form-control has-spinner wpcf7-submit\" \/><\/p>\n<div class=\"wpcf7-response-output\" aria-hidden=\"true\"><\/div><\/form><\/div><br \/>\nLFRU<\/p>\n<p>Association \u00ab Loi 1901 \u00bb<br \/>\nagr\u00e9\u00e9e Minist\u00e8re Jeunesse et sports,<br \/>\nMinist\u00e8re des transports-DGAC.<\/p>\n<p>Affili\u00e9e \u00e0 la F\u00e9d\u00e9ration Fran\u00e7aise d&#8217;Aviation.<\/p>\n","protected":false},"excerpt":{"rendered":"<p>M\u00e9l : contact@aeroclubdemorlaix.fr T\u00e9l : 02-98-88-32-80 Permanences : Tous les matins de 9h15 \u00e0 12h30 sauf mercredi, dimanche et jours f\u00e9ri\u00e9s. LFRU Association \u00ab Loi 1901 \u00bb agr\u00e9\u00e9e Minist\u00e8re Jeunesse et sports, Minist\u00e8re des transports-DGAC. Affili\u00e9e \u00e0 la F\u00e9d\u00e9ration Fran\u00e7aise d&#8217;Aviation.<\/p>\n","protected":false},"author":1,"featured_media":0,"parent":0,"menu_order":0,"comment_status":"closed","ping_status":"closed","template":"","meta":[],"_links":{"self":[{"href":"http:\/\/aeroclubdemorlaix.fr\/index.php?rest_route=\/wp\/v2\/pages\/16"}],"collection":[{"href":"http:\/\/aeroclubdemorlaix.fr\/index.php?rest_route=\/wp\/v2\/pages"}],"about":[{"href":"http:\/\/aeroclubdemorlaix.fr\/index.php?rest_route=\/wp\/v2\/types\/page"}],"author":[{"embeddable":true,"href":"http:\/\/aeroclubdemorlaix.fr\/index.php?rest_route=\/wp\/v2\/users\/1"}],"replies":[{"embeddable":true,"href":"http:\/\/aeroclubdemorlaix.fr\/index.php?rest_route=%2Fwp%2Fv2%2Fcomments&post=16"}],"version-history":[{"count":12,"href":"http:\/\/aeroclubdemorlaix.fr\/index.php?rest_route=\/wp\/v2\/pages\/16\/revisions"}],"predecessor-version":[{"id":870,"href":"http:\/\/aeroclubdemorlaix.fr\/index.php?rest_route=\/wp\/v2\/pages\/16\/revisions\/870"}],"wp:attachment":[{"href":"http:\/\/aeroclubdemorlaix.fr\/index.php?rest_route=%2Fwp%2Fv2%2Fmedia&parent=16"}],"curies":[{"name":"wp","href":"https:\/\/api.w.org\/{rel}","templated":true}]}}